{"id":1176,"date":"2023-09-04T17:04:58","date_gmt":"2023-09-04T15:04:58","guid":{"rendered":"https:\/\/facalaw.com\/directory\/andres-escobar-m\/"},"modified":"2023-10-05T18:14:58","modified_gmt":"2023-10-05T16:14:58","slug":"andres-escobar-m","status":"publish","type":"page","link":"https:\/\/facalaw.com\/en\/directory\/andres-escobar-m\/","title":{"rendered":"Andr\u00e9s Escobar M."},"content":{"rendered":"<section class=\"wpb-content-wrapper\"><p>[vc_section css=&#8221;.vc_custom_1695842508721{background-image: url(https:\/\/facalaw.com\/wp-content\/uploads\/2023\/09\/bg.jpg?id=966) !important;background-position: center !important;background-repeat: no-repeat !important;background-size: cover !important;}&#8221; conditional_render=&#8221;%5B%7B%22value_role%22%3A%22administrator%22%7D%5D&#8221;][vc_row wrap_container=&#8221;yes&#8221; el_class=&#8221;textos-header-page-all&#8221; conditional_render=&#8221;%5B%7B%22value_role%22%3A%22administrator%22%7D%5D&#8221;][vc_column]<div class=\"porto-u-heading background-linear  wpb_custom_82cb7a4f77439c51ad85bb03d18fa548 porto-u-3224\" data-appear-animation=\"fadeIn\" data-appear-animation-delay=\"400\" data-appear-animation-duration=\"800\"><div class=\"porto-u-main-heading\"><h3   style=\"color:#ffffff;\">Andr\u00e9s Escobar M.<\/h3><\/div><style>.porto-u-3224.porto-u-heading{text-align:left}<\/style><\/div>[\/vc_column][\/vc_row][\/vc_section][vc_section css=&#8221;.vc_custom_1693835804646{padding-top: 50px !important;padding-bottom: 50px !important;}&#8221; conditional_render=&#8221;%5B%7B%22value_role%22%3A%22administrator%22%7D%5D&#8221;][vc_row wrap_container=&#8221;yes&#8221; conditional_render=&#8221;%5B%7B%22value_role%22%3A%22administrator%22%7D%5D&#8221;][vc_column width=&#8221;1\/2&#8243; el_class=&#8221;content_titulo-descri-page-socios&#8221; conditional_render=&#8221;%5B%7B%22value_role%22%3A%22administrator%22%7D%5D&#8221; offset=&#8221;vc_col-md-4&#8243; css=&#8221;.vc_custom_1693838185057{margin-bottom: 25px !important;}&#8221;][vc_single_image image=&#8221;870&#8243; img_size=&#8221;full&#8221; alignment=&#8221;center&#8221; css=&#8221;.vc_custom_1695842520000{margin-bottom: 0px !important;}&#8221;]<div class=\"porto-u-heading titulo-descri-page-socios  wpb_custom_95aa9a11c17ad45cfabaf210d84ee7cc porto-u-6122\"><div class=\"porto-u-main-heading\"><h4   style=\"color:#ffffff;\">Andr\u00e9s Escobar M.<\/h4><\/div><div class=\"porto-u-sub-heading\" style=\"color: #ffffff;\">Associate<\/div><style>.porto-u-6122.porto-u-heading{text-align:center}<\/style><\/div>[\/vc_column][vc_column width=&#8221;1\/2&#8243; el_class=&#8221;pl-lg-4&#8243; conditional_render=&#8221;%5B%7B%22value_role%22%3A%22administrator%22%7D%5D&#8221; offset=&#8221;vc_col-md-8&#8243;][vc_column_text el_class=&#8221;text-justify&#8221;]Graduated from Universidad Cat\u00f3lica Santa Mar\u00eda la Antigua, Republic of Panama, Faculty of Law and Political Science, with a Bachelor&#8217;s degree in Law and Political Science (2010), a Master&#8217;s in Commercial Law (2014) from Universidad Cat\u00f3lica Santa Mar\u00eda la Antigua, Republic of Panama, a Specialization in Taxes from the Universidad Especializada del Contador P\u00fablico Autorizado (2017), a Master&#8217;s in Taxation and Fiscal Management from the Universidad Especializada del Contador P\u00fablico Autorizado (2017), and a Certification in Legal English for Lawyers Program from The Pennsylvania State University, Penn State Law (2019).<\/p>\n<p>Mr. Escobar specializes in tax law, civil and commercial contracts, intellectual property, the establishment and management of companies in various jurisdictions, corporate restructuring, administrative procedures, as well as private interest foundations, estate planning, among other areas.[\/vc_column_text]<div class=\"porto-sicon-box descripcion-socios  wpb_custom_1efe903570d178ff0a9b7bfa5febd3a4 style_1 left-icon\"><div class=\"porto-sicon-left\"><div class=\"porto-just-icon-wrapper porto-icon none\" style=\"color:#2c2178;font-size:25px;\"><i class=\"fas fa-comment-dots\"><\/i><\/div><\/div><div class=\"porto-sicon-body\"><div class=\"porto-sicon-header\"><h3 class=\"porto-sicon-title\" style=\"\">Languages:<\/h3><p> Spanish, English and Portuguese.<\/p><\/div> <!-- header --><\/div><\/div><!-- porto-sicon-box --><a class=\"porto-sicon-box-link\" href=\"tel:+507%20308-9000\" target='_blank'><div class=\"porto-sicon-box descripcion-socios  wpb_custom_1efe903570d178ff0a9b7bfa5febd3a4 style_1 left-icon\"><div class=\"porto-sicon-left\"><div class=\"porto-just-icon-wrapper porto-icon none\" style=\"color:#2c2178;font-size:25px;\"><i class=\"fas fa-phone\"><\/i><\/div><\/div><div class=\"porto-sicon-body\"><div class=\"porto-sicon-header\"><h3 class=\"porto-sicon-title\" style=\"\">Phone:<\/h3><p>+507 308-9000<\/p><\/div> <!-- header --><\/div><\/div><!-- porto-sicon-box --><\/a><a class=\"porto-sicon-box-link\" href=\"mailto:aescobar@facalaw.com\" target='_blank'><div class=\"porto-sicon-box descripcion-socios  wpb_custom_1efe903570d178ff0a9b7bfa5febd3a4 style_1 left-icon\"><div class=\"porto-sicon-left\"><div class=\"porto-just-icon-wrapper porto-icon none\" style=\"color:#2c2178;font-size:25px;\"><i class=\"fas fa-envelope\"><\/i><\/div><\/div><div class=\"porto-sicon-body\"><div class=\"porto-sicon-header\"><h3 class=\"porto-sicon-title\" style=\"\">Email:<\/h3><p>aescobar@facalaw.com<\/p><\/div> <!-- header --><\/div><\/div><!-- porto-sicon-box --><\/a>[\/vc_column][\/vc_row][\/vc_section]<\/p>\n<\/section>","protected":false},"excerpt":{"rendered":"<p>[vc_section css=&#8221;.vc_custom_1695842508721{background-image: url(https:\/\/facalaw.com\/wp-content\/uploads\/2023\/09\/bg.jpg?id=966) !important;background-position: center !important;background-repeat: no-repeat !important;background-size: cover !important;}&#8221; conditional_render=&#8221;%5B%7B%22value_role%22%3A%22administrator%22%7D%5D&#8221;][vc_row wrap_container=&#8221;yes&#8221; el_class=&#8221;textos-header-page-all&#8221; conditional_render=&#8221;%5B%7B%22value_role%22%3A%22administrator%22%7D%5D&#8221;][vc_column][\/vc_column][\/vc_row][\/vc_section][vc_section css=&#8221;.vc_custom_1693835804646{padding-top: 50px !important;padding-bottom: 50px !important;}&#8221; conditional_render=&#8221;%5B%7B%22value_role%22%3A%22administrator%22%7D%5D&#8221;][vc_row wrap_container=&#8221;yes&#8221; conditional_render=&#8221;%5B%7B%22value_role%22%3A%22administrator%22%7D%5D&#8221;][vc_column width=&#8221;1\/2&#8243; el_class=&#8221;content_titulo-descri-page-socios&#8221; conditional_render=&#8221;%5B%7B%22value_role%22%3A%22administrator%22%7D%5D&#8221; offset=&#8221;vc_col-md-4&#8243; css=&#8221;.vc_custom_1693838185057{margin-bottom: 25px !important;}&#8221;][vc_single_image image=&#8221;870&#8243; img_size=&#8221;full&#8221; alignment=&#8221;center&#8221; css=&#8221;.vc_custom_1695842520000{margin-bottom: 0px !important;}&#8221;][\/vc_column][vc_column width=&#8221;1\/2&#8243; el_class=&#8221;pl-lg-4&#8243; conditional_render=&#8221;%5B%7B%22value_role%22%3A%22administrator%22%7D%5D&#8221; offset=&#8221;vc_col-md-8&#8243;][vc_column_text el_class=&#8221;text-justify&#8221;]Graduated from Universidad Cat\u00f3lica Santa Mar\u00eda la Antigua, Republic of Panama, Faculty of Law and Political [&hellip;]<\/p>\n","protected":false},"author":1,"featured_media":0,"parent":1157,"menu_order":0,"comment_status":"closed","ping_status":"closed","template":"","meta":{"inline_featured_image":false,"footnotes":""},"class_list":["post-1176","page","type-page","status-publish","hentry"],"_links":{"self":[{"href":"https:\/\/facalaw.com\/en\/wp-json\/wp\/v2\/pages\/1176","targetHints":{"allow":["GET"]}}],"collection":[{"href":"https:\/\/facalaw.com\/en\/wp-json\/wp\/v2\/pages"}],"about":[{"href":"https:\/\/facalaw.com\/en\/wp-json\/wp\/v2\/types\/page"}],"author":[{"embeddable":true,"href":"https:\/\/facalaw.com\/en\/wp-json\/wp\/v2\/users\/1"}],"replies":[{"embeddable":true,"href":"https:\/\/facalaw.com\/en\/wp-json\/wp\/v2\/comments?post=1176"}],"version-history":[{"count":0,"href":"https:\/\/facalaw.com\/en\/wp-json\/wp\/v2\/pages\/1176\/revisions"}],"up":[{"embeddable":true,"href":"https:\/\/facalaw.com\/en\/wp-json\/wp\/v2\/pages\/1157"}],"wp:attachment":[{"href":"https:\/\/facalaw.com\/en\/wp-json\/wp\/v2\/media?parent=1176"}],"curies":[{"name":"wp","href":"https:\/\/api.w.org\/{rel}","templated":true}]}}